{"id":3311,"date":"2020-02-25T16:40:13","date_gmt":"2020-02-25T16:40:13","guid":{"rendered":"http:\/\/plaroig.com\/?page_id=3311"},"modified":"2026-03-05T11:55:26","modified_gmt":"2026-03-05T10:55:26","slug":"han-estat-a-pla-roig-2","status":"publish","type":"page","link":"https:\/\/www.plaroig.com\/ca\/han-estat-a-pla-roig-2\/","title":{"rendered":"Han estat a Pla Roig"},"content":{"rendered":"","protected":false},"excerpt":{"rendered":"","protected":false},"author":1,"featured_media":0,"parent":0,"menu_order":0,"comment_status":"open","ping_status":"open","template":"","meta":{"footnotes":""},"class_list":["post-3311","page","type-page","status-publish","hentry"],"yoast_head":"<!-- This site is optimized with the Yoast SEO plugin v26.5 - https:\/\/yoast.com\/wordpress\/plugins\/seo\/ -->\n<title>Han estat a Pla Roig | Pla Roig<\/title>\n<meta name=\"description\" content=\"Un espai on poder accedir a una dimensi\u00f3 art\u00edstica que plasmi les inquietuds i faci sorgir la creativitat m\u00e9s profunda de les persones.\" \/>\n<meta name=\"robots\" content=\"index, follow, max-snippet:-1, max-image-preview:large, max-video-preview:-1\" \/>\n<link rel=\"canonical\" href=\"https:\/\/www.plaroig.com\/han-estado-en-pla-roig\/\" \/>\n<meta property=\"og:locale\" content=\"en_US\" \/>\n<meta property=\"og:type\" content=\"article\" \/>\n<meta property=\"og:title\" content=\"Han estat a Pla Roig | Pla Roig\" \/>\n<meta property=\"og:description\" content=\"Un espai on poder accedir a una dimensi\u00f3 art\u00edstica que plasmi les inquietuds i faci sorgir la creativitat m\u00e9s profunda de les persones.\" \/>\n<meta property=\"og:url\" content=\"https:\/\/www.plaroig.com\/han-estado-en-pla-roig\/\" \/>\n<meta property=\"og:site_name\" content=\"Pla Roig\" \/>\n<meta property=\"article:publisher\" content=\"https:\/\/www.facebook.com\/sergioplaroig\/\" \/>\n<meta property=\"article:modified_time\" content=\"2026-03-05T10:55:26+00:00\" \/>\n<meta name=\"twitter:card\" content=\"summary_large_image\" \/>\n<meta name=\"twitter:site\" content=\"@pla_roig\" \/>\n<script type=\"application\/ld+json\" class=\"yoast-schema-graph\">{\"@context\":\"https:\/\/schema.org\",\"@graph\":[{\"@type\":\"WebPage\",\"@id\":\"https:\/\/www.plaroig.com\/han-estado-en-pla-roig\/\",\"url\":\"https:\/\/www.plaroig.com\/han-estado-en-pla-roig\/\",\"name\":\"Han estat a Pla Roig | Pla Roig\",\"isPartOf\":{\"@id\":\"https:\/\/www.plaroig.com\/#website\"},\"datePublished\":\"2020-02-25T16:40:13+00:00\",\"dateModified\":\"2026-03-05T10:55:26+00:00\",\"description\":\"Un espai on poder accedir a una dimensi\u00f3 art\u00edstica que plasmi les inquietuds i faci sorgir la creativitat m\u00e9s profunda de les persones.\",\"breadcrumb\":{\"@id\":\"https:\/\/www.plaroig.com\/han-estado-en-pla-roig\/#breadcrumb\"},\"inLanguage\":\"cat\",\"potentialAction\":[{\"@type\":\"ReadAction\",\"target\":[\"https:\/\/www.plaroig.com\/han-estado-en-pla-roig\/\"]}]},{\"@type\":\"BreadcrumbList\",\"@id\":\"https:\/\/www.plaroig.com\/han-estado-en-pla-roig\/#breadcrumb\",\"itemListElement\":[{\"@type\":\"ListItem\",\"position\":1,\"name\":\"Home\",\"item\":\"https:\/\/www.plaroig.com\/ca\/\"},{\"@type\":\"ListItem\",\"position\":2,\"name\":\"Han estat a Pla Roig\"}]},{\"@type\":\"WebSite\",\"@id\":\"https:\/\/www.plaroig.com\/#website\",\"url\":\"https:\/\/www.plaroig.com\/\",\"name\":\"Pla Roig\",\"description\":\"un espacio enfocado a la cultura\",\"publisher\":{\"@id\":\"https:\/\/www.plaroig.com\/#organization\"},\"potentialAction\":[{\"@type\":\"SearchAction\",\"target\":{\"@type\":\"EntryPoint\",\"urlTemplate\":\"https:\/\/www.plaroig.com\/?s={search_term_string}\"},\"query-input\":{\"@type\":\"PropertyValueSpecification\",\"valueRequired\":true,\"valueName\":\"search_term_string\"}}],\"inLanguage\":\"cat\"},{\"@type\":\"Organization\",\"@id\":\"https:\/\/www.plaroig.com\/#organization\",\"name\":\"Pla Roig\",\"url\":\"https:\/\/www.plaroig.com\/\",\"logo\":{\"@type\":\"ImageObject\",\"inLanguage\":\"cat\",\"@id\":\"https:\/\/www.plaroig.com\/#\/schema\/logo\/image\/\",\"url\":\"https:\/\/www.plaroig.com\/wp-content\/uploads\/2018\/12\/Sin-ti\u0301tulo-1-02.png\",\"contentUrl\":\"https:\/\/www.plaroig.com\/wp-content\/uploads\/2018\/12\/Sin-ti\u0301tulo-1-02.png\",\"width\":262,\"height\":262,\"caption\":\"Pla Roig\"},\"image\":{\"@id\":\"https:\/\/www.plaroig.com\/#\/schema\/logo\/image\/\"},\"sameAs\":[\"https:\/\/www.facebook.com\/sergioplaroig\/\",\"https:\/\/x.com\/pla_roig\",\"https:\/\/www.instagram.com\/plaroig_art\/\",\"https:\/\/www.youtube.com\/channel\/UC1Jkr1l_q0Lk3iUxaKPwc1Q?view_as=subscriber\"]}]}<\/script>\n<!-- \/ Yoast SEO plugin. -->","yoast_head_json":{"title":"Han estat a Pla Roig | Pla Roig","description":"Un espai on poder accedir a una dimensi\u00f3 art\u00edstica que plasmi les inquietuds i faci sorgir la creativitat m\u00e9s profunda de les persones.","robots":{"index":"index","follow":"follow","max-snippet":"max-snippet:-1","max-image-preview":"max-image-preview:large","max-video-preview":"max-video-preview:-1"},"canonical":"https:\/\/www.plaroig.com\/han-estado-en-pla-roig\/","og_locale":"en_US","og_type":"article","og_title":"Han estat a Pla Roig | Pla Roig","og_description":"Un espai on poder accedir a una dimensi\u00f3 art\u00edstica que plasmi les inquietuds i faci sorgir la creativitat m\u00e9s profunda de les persones.","og_url":"https:\/\/www.plaroig.com\/han-estado-en-pla-roig\/","og_site_name":"Pla Roig","article_publisher":"https:\/\/www.facebook.com\/sergioplaroig\/","article_modified_time":"2026-03-05T10:55:26+00:00","twitter_card":"summary_large_image","twitter_site":"@pla_roig","schema":{"@context":"https:\/\/schema.org","@graph":[{"@type":"WebPage","@id":"https:\/\/www.plaroig.com\/han-estado-en-pla-roig\/","url":"https:\/\/www.plaroig.com\/han-estado-en-pla-roig\/","name":"Han estat a Pla Roig | Pla Roig","isPartOf":{"@id":"https:\/\/www.plaroig.com\/#website"},"datePublished":"2020-02-25T16:40:13+00:00","dateModified":"2026-03-05T10:55:26+00:00","description":"Un espai on poder accedir a una dimensi\u00f3 art\u00edstica que plasmi les inquietuds i faci sorgir la creativitat m\u00e9s profunda de les persones.","breadcrumb":{"@id":"https:\/\/www.plaroig.com\/han-estado-en-pla-roig\/#breadcrumb"},"inLanguage":"cat","potentialAction":[{"@type":"ReadAction","target":["https:\/\/www.plaroig.com\/han-estado-en-pla-roig\/"]}]},{"@type":"BreadcrumbList","@id":"https:\/\/www.plaroig.com\/han-estado-en-pla-roig\/#breadcrumb","itemListElement":[{"@type":"ListItem","position":1,"name":"Home","item":"https:\/\/www.plaroig.com\/ca\/"},{"@type":"ListItem","position":2,"name":"Han estat a Pla Roig"}]},{"@type":"WebSite","@id":"https:\/\/www.plaroig.com\/#website","url":"https:\/\/www.plaroig.com\/","name":"Pla Roig","description":"un espacio enfocado a la cultura","publisher":{"@id":"https:\/\/www.plaroig.com\/#organization"},"potentialAction":[{"@type":"SearchAction","target":{"@type":"EntryPoint","urlTemplate":"https:\/\/www.plaroig.com\/?s={search_term_string}"},"query-input":{"@type":"PropertyValueSpecification","valueRequired":true,"valueName":"search_term_string"}}],"inLanguage":"cat"},{"@type":"Organization","@id":"https:\/\/www.plaroig.com\/#organization","name":"Pla Roig","url":"https:\/\/www.plaroig.com\/","logo":{"@type":"ImageObject","inLanguage":"cat","@id":"https:\/\/www.plaroig.com\/#\/schema\/logo\/image\/","url":"https:\/\/www.plaroig.com\/wp-content\/uploads\/2018\/12\/Sin-ti\u0301tulo-1-02.png","contentUrl":"https:\/\/www.plaroig.com\/wp-content\/uploads\/2018\/12\/Sin-ti\u0301tulo-1-02.png","width":262,"height":262,"caption":"Pla Roig"},"image":{"@id":"https:\/\/www.plaroig.com\/#\/schema\/logo\/image\/"},"sameAs":["https:\/\/www.facebook.com\/sergioplaroig\/","https:\/\/x.com\/pla_roig","https:\/\/www.instagram.com\/plaroig_art\/","https:\/\/www.youtube.com\/channel\/UC1Jkr1l_q0Lk3iUxaKPwc1Q?view_as=subscriber"]}]}},"_links":{"self":[{"href":"https:\/\/www.plaroig.com\/ca\/wp-json\/wp\/v2\/pages\/3311","targetHints":{"allow":["GET"]}}],"collection":[{"href":"https:\/\/www.plaroig.com\/ca\/wp-json\/wp\/v2\/pages"}],"about":[{"href":"https:\/\/www.plaroig.com\/ca\/wp-json\/wp\/v2\/types\/page"}],"author":[{"embeddable":true,"href":"https:\/\/www.plaroig.com\/ca\/wp-json\/wp\/v2\/users\/1"}],"replies":[{"embeddable":true,"href":"https:\/\/www.plaroig.com\/ca\/wp-json\/wp\/v2\/comments?post=3311"}],"version-history":[{"count":1,"href":"https:\/\/www.plaroig.com\/ca\/wp-json\/wp\/v2\/pages\/3311\/revisions"}],"predecessor-version":[{"id":3623,"href":"https:\/\/www.plaroig.com\/ca\/wp-json\/wp\/v2\/pages\/3311\/revisions\/3623"}],"wp:attachment":[{"href":"https:\/\/www.plaroig.com\/ca\/wp-json\/wp\/v2\/media?parent=3311"}],"curies":[{"name":"wp","href":"https:\/\/api.w.org\/{rel}","templated":true}]}}