{"id":3264,"date":"2018-12-20T11:17:16","date_gmt":"2018-12-20T11:17:16","guid":{"rendered":"http:\/\/plaroig.com\/alquiler-de-espacio\/"},"modified":"2020-12-16T19:20:40","modified_gmt":"2020-12-16T19:20:40","slug":"lloguer-despai-2","status":"publish","type":"page","link":"https:\/\/www.plaroig.com\/ca\/lloguer-despai-2\/","title":{"rendered":"lloguer d&#8217;espai"},"content":{"rendered":"<h2 style=\"text-align: center;\"><span style=\"color: #b6232c;\">el lloc on desenvolupar el teu esdeveniment, assajar o preparar projectes<\/span><\/h2>\n<hr \/>\n<p style=\"text-align: center;\">un pl\u00e0nol de lin\u00f2leum vermell dirigit a l&#8217;acci\u00f3 cultural, l&#8217;espai vermell representa: vitalitat, ambici\u00f3, poder, dinamisme, acci\u00f3 i abast de metes<\/p>\n<p style=\"text-align: center;\"><strong>pla roig<\/strong> persegueix que tota persona que s&#8217;endinsi en la seva dimensi\u00f3 vermella adquireixi la consecuci\u00f3 d&#8217;un objectiu i finalitat art\u00edstica<\/p>\n<p style=\"text-align: center;\"><strong>pla roig<\/strong> no nom\u00e9s ofereix el seu espai, a m\u00e9s recolza amb idees i accions art\u00edstiques el disseny del teu projecte o esdeveniment<\/p>\n<p style=\"text-align: center;\">\u00a0<a href=\"mailto:reservas@plaroig.com\">reservas@plaroig.com<\/a><\/p>\n","protected":false},"excerpt":{"rendered":"<p>el lloc on desenvolupar el teu esdeveniment, assajar o preparar projectes un pl\u00e0nol de lin\u00f2leum vermell dirigit a l&#8217;acci\u00f3 cultural, l&#8217;espai vermell representa: vitalitat, ambici\u00f3, poder,<span class=\"excerpt-hellip\"> [\u2026]<\/span><\/p>\n","protected":false},"author":1,"featured_media":0,"parent":0,"menu_order":0,"comment_status":"closed","ping_status":"closed","template":"","meta":{"footnotes":""},"class_list":["post-3264","page","type-page","status-publish","hentry"],"yoast_head":"<!-- This site is optimized with the Yoast SEO plugin v26.5 - https:\/\/yoast.com\/wordpress\/plugins\/seo\/ -->\n<title>lloguer d&#039;espai | Pla Roig<\/title>\n<meta name=\"robots\" content=\"index, follow, max-snippet:-1, max-image-preview:large, max-video-preview:-1\" \/>\n<link rel=\"canonical\" href=\"https:\/\/www.plaroig.com\/alquiler-de-espacio\/\" \/>\n<meta property=\"og:locale\" content=\"en_US\" \/>\n<meta property=\"og:type\" content=\"article\" \/>\n<meta property=\"og:title\" content=\"lloguer d&#039;espai | Pla Roig\" \/>\n<meta property=\"og:description\" content=\"el lloc on desenvolupar el teu esdeveniment, assajar o preparar projectes un pl\u00e0nol de lin\u00f2leum vermell dirigit a l&#8217;acci\u00f3 cultural, l&#8217;espai vermell representa: vitalitat, ambici\u00f3, poder, [\u2026]\" \/>\n<meta property=\"og:url\" content=\"https:\/\/www.plaroig.com\/alquiler-de-espacio\/\" \/>\n<meta property=\"og:site_name\" content=\"Pla Roig\" \/>\n<meta property=\"article:publisher\" content=\"https:\/\/www.facebook.com\/sergioplaroig\/\" \/>\n<meta property=\"article:modified_time\" content=\"2020-12-16T19:20:40+00:00\" \/>\n<meta name=\"twitter:card\" content=\"summary_large_image\" \/>\n<meta name=\"twitter:site\" content=\"@pla_roig\" \/>\n<script type=\"application\/ld+json\" class=\"yoast-schema-graph\">{\"@context\":\"https:\/\/schema.org\",\"@graph\":[{\"@type\":\"WebPage\",\"@id\":\"https:\/\/www.plaroig.com\/alquiler-de-espacio\/\",\"url\":\"https:\/\/www.plaroig.com\/alquiler-de-espacio\/\",\"name\":\"lloguer d'espai | Pla Roig\",\"isPartOf\":{\"@id\":\"https:\/\/www.plaroig.com\/#website\"},\"datePublished\":\"2018-12-20T11:17:16+00:00\",\"dateModified\":\"2020-12-16T19:20:40+00:00\",\"breadcrumb\":{\"@id\":\"https:\/\/www.plaroig.com\/alquiler-de-espacio\/#breadcrumb\"},\"inLanguage\":\"cat\",\"potentialAction\":[{\"@type\":\"ReadAction\",\"target\":[\"https:\/\/www.plaroig.com\/alquiler-de-espacio\/\"]}]},{\"@type\":\"BreadcrumbList\",\"@id\":\"https:\/\/www.plaroig.com\/alquiler-de-espacio\/#breadcrumb\",\"itemListElement\":[{\"@type\":\"ListItem\",\"position\":1,\"name\":\"Home\",\"item\":\"https:\/\/www.plaroig.com\/ca\/\"},{\"@type\":\"ListItem\",\"position\":2,\"name\":\"lloguer d&#8217;espai\"}]},{\"@type\":\"WebSite\",\"@id\":\"https:\/\/www.plaroig.com\/#website\",\"url\":\"https:\/\/www.plaroig.com\/\",\"name\":\"Pla Roig\",\"description\":\"un espacio enfocado a la cultura\",\"publisher\":{\"@id\":\"https:\/\/www.plaroig.com\/#organization\"},\"potentialAction\":[{\"@type\":\"SearchAction\",\"target\":{\"@type\":\"EntryPoint\",\"urlTemplate\":\"https:\/\/www.plaroig.com\/?s={search_term_string}\"},\"query-input\":{\"@type\":\"PropertyValueSpecification\",\"valueRequired\":true,\"valueName\":\"search_term_string\"}}],\"inLanguage\":\"cat\"},{\"@type\":\"Organization\",\"@id\":\"https:\/\/www.plaroig.com\/#organization\",\"name\":\"Pla Roig\",\"url\":\"https:\/\/www.plaroig.com\/\",\"logo\":{\"@type\":\"ImageObject\",\"inLanguage\":\"cat\",\"@id\":\"https:\/\/www.plaroig.com\/#\/schema\/logo\/image\/\",\"url\":\"https:\/\/www.plaroig.com\/wp-content\/uploads\/2018\/12\/Sin-ti\u0301tulo-1-02.png\",\"contentUrl\":\"https:\/\/www.plaroig.com\/wp-content\/uploads\/2018\/12\/Sin-ti\u0301tulo-1-02.png\",\"width\":262,\"height\":262,\"caption\":\"Pla Roig\"},\"image\":{\"@id\":\"https:\/\/www.plaroig.com\/#\/schema\/logo\/image\/\"},\"sameAs\":[\"https:\/\/www.facebook.com\/sergioplaroig\/\",\"https:\/\/x.com\/pla_roig\",\"https:\/\/www.instagram.com\/plaroig_art\/\",\"https:\/\/www.youtube.com\/channel\/UC1Jkr1l_q0Lk3iUxaKPwc1Q?view_as=subscriber\"]}]}<\/script>\n<!-- \/ Yoast SEO plugin. -->","yoast_head_json":{"title":"lloguer d'espai | Pla Roig","robots":{"index":"index","follow":"follow","max-snippet":"max-snippet:-1","max-image-preview":"max-image-preview:large","max-video-preview":"max-video-preview:-1"},"canonical":"https:\/\/www.plaroig.com\/alquiler-de-espacio\/","og_locale":"en_US","og_type":"article","og_title":"lloguer d'espai | Pla Roig","og_description":"el lloc on desenvolupar el teu esdeveniment, assajar o preparar projectes un pl\u00e0nol de lin\u00f2leum vermell dirigit a l&#8217;acci\u00f3 cultural, l&#8217;espai vermell representa: vitalitat, ambici\u00f3, poder, [\u2026]","og_url":"https:\/\/www.plaroig.com\/alquiler-de-espacio\/","og_site_name":"Pla Roig","article_publisher":"https:\/\/www.facebook.com\/sergioplaroig\/","article_modified_time":"2020-12-16T19:20:40+00:00","twitter_card":"summary_large_image","twitter_site":"@pla_roig","schema":{"@context":"https:\/\/schema.org","@graph":[{"@type":"WebPage","@id":"https:\/\/www.plaroig.com\/alquiler-de-espacio\/","url":"https:\/\/www.plaroig.com\/alquiler-de-espacio\/","name":"lloguer d'espai | Pla Roig","isPartOf":{"@id":"https:\/\/www.plaroig.com\/#website"},"datePublished":"2018-12-20T11:17:16+00:00","dateModified":"2020-12-16T19:20:40+00:00","breadcrumb":{"@id":"https:\/\/www.plaroig.com\/alquiler-de-espacio\/#breadcrumb"},"inLanguage":"cat","potentialAction":[{"@type":"ReadAction","target":["https:\/\/www.plaroig.com\/alquiler-de-espacio\/"]}]},{"@type":"BreadcrumbList","@id":"https:\/\/www.plaroig.com\/alquiler-de-espacio\/#breadcrumb","itemListElement":[{"@type":"ListItem","position":1,"name":"Home","item":"https:\/\/www.plaroig.com\/ca\/"},{"@type":"ListItem","position":2,"name":"lloguer d&#8217;espai"}]},{"@type":"WebSite","@id":"https:\/\/www.plaroig.com\/#website","url":"https:\/\/www.plaroig.com\/","name":"Pla Roig","description":"un espacio enfocado a la cultura","publisher":{"@id":"https:\/\/www.plaroig.com\/#organization"},"potentialAction":[{"@type":"SearchAction","target":{"@type":"EntryPoint","urlTemplate":"https:\/\/www.plaroig.com\/?s={search_term_string}"},"query-input":{"@type":"PropertyValueSpecification","valueRequired":true,"valueName":"search_term_string"}}],"inLanguage":"cat"},{"@type":"Organization","@id":"https:\/\/www.plaroig.com\/#organization","name":"Pla Roig","url":"https:\/\/www.plaroig.com\/","logo":{"@type":"ImageObject","inLanguage":"cat","@id":"https:\/\/www.plaroig.com\/#\/schema\/logo\/image\/","url":"https:\/\/www.plaroig.com\/wp-content\/uploads\/2018\/12\/Sin-ti\u0301tulo-1-02.png","contentUrl":"https:\/\/www.plaroig.com\/wp-content\/uploads\/2018\/12\/Sin-ti\u0301tulo-1-02.png","width":262,"height":262,"caption":"Pla Roig"},"image":{"@id":"https:\/\/www.plaroig.com\/#\/schema\/logo\/image\/"},"sameAs":["https:\/\/www.facebook.com\/sergioplaroig\/","https:\/\/x.com\/pla_roig","https:\/\/www.instagram.com\/plaroig_art\/","https:\/\/www.youtube.com\/channel\/UC1Jkr1l_q0Lk3iUxaKPwc1Q?view_as=subscriber"]}]}},"_links":{"self":[{"href":"https:\/\/www.plaroig.com\/ca\/wp-json\/wp\/v2\/pages\/3264","targetHints":{"allow":["GET"]}}],"collection":[{"href":"https:\/\/www.plaroig.com\/ca\/wp-json\/wp\/v2\/pages"}],"about":[{"href":"https:\/\/www.plaroig.com\/ca\/wp-json\/wp\/v2\/types\/page"}],"author":[{"embeddable":true,"href":"https:\/\/www.plaroig.com\/ca\/wp-json\/wp\/v2\/users\/1"}],"replies":[{"embeddable":true,"href":"https:\/\/www.plaroig.com\/ca\/wp-json\/wp\/v2\/comments?post=3264"}],"version-history":[{"count":2,"href":"https:\/\/www.plaroig.com\/ca\/wp-json\/wp\/v2\/pages\/3264\/revisions"}],"predecessor-version":[{"id":3268,"href":"https:\/\/www.plaroig.com\/ca\/wp-json\/wp\/v2\/pages\/3264\/revisions\/3268"}],"wp:attachment":[{"href":"https:\/\/www.plaroig.com\/ca\/wp-json\/wp\/v2\/media?parent=3264"}],"curies":[{"name":"wp","href":"https:\/\/api.w.org\/{rel}","templated":true}]}}