{"id":3167,"date":"2019-02-13T10:36:06","date_gmt":"2019-02-13T10:36:06","guid":{"rendered":"http:\/\/plaroig.com\/conoce-mas-del-pla-roig\/"},"modified":"2025-09-02T10:10:32","modified_gmt":"2025-09-02T08:10:32","slug":"coneix-el-pla-roig","status":"publish","type":"page","link":"https:\/\/www.plaroig.com\/ca\/coneix-el-pla-roig\/","title":{"rendered":"coneix el pla roig"},"content":{"rendered":"<h2 style=\"text-align: center;\"><span style=\"color: #b6232c;\">coneix el pla roig<\/span><\/h2>\n<hr \/>\n<p style=\"text-align: center;\">L&#8217;espai \u00e9s un local de 200 m\u00b2 amb un despatx de 20 m\u00b2<\/p>\n<p style=\"text-align: center;\">Es troba a pocs metres de la parada de metro de Sants Estaci\u00f3 (L3-l\u00ednia verda\/L5-l\u00ednia blava) i de la parada de metro de la Pla\u00e7a del Centre (L3-l\u00ednia verda). I a uns 100 metres de l&#8217;Estaci\u00f3 de Sants<\/p>\n<p style=\"text-align: center;\">\u00c9s un local di\u00e0fan amb 5 metres d&#8217;altura. Dos WC (un d&#8217;ells adaptat), vestuari i una \u00e0rea de descans i reuni\u00f3<\/p>\n<p style=\"text-align: center;\">Presenta una adequada reforma d&#8217;insonoritzaci\u00f3 ac\u00fastica i amb un equipament d&#8217;il\u00b7luminaci\u00f3 i so i amb un lin\u00f2leum transportable per adaptar l&#8217;espai d&#8217;acci\u00f3 de pr\u00e0ctiques que es duen a terme<\/p>\n","protected":false},"excerpt":{"rendered":"<p>coneix el pla roig L&#8217;espai \u00e9s un local de 200 m\u00b2 amb un despatx de 20 m\u00b2 Es troba a pocs metres de la parada de<span class=\"excerpt-hellip\"> [\u2026]<\/span><\/p>\n","protected":false},"author":1,"featured_media":0,"parent":0,"menu_order":0,"comment_status":"closed","ping_status":"closed","template":"","meta":{"footnotes":""},"class_list":["post-3167","page","type-page","status-publish","hentry"],"yoast_head":"<!-- This site is optimized with the Yoast SEO plugin v26.5 - https:\/\/yoast.com\/wordpress\/plugins\/seo\/ -->\n<title>coneix el pla roig | Pla Roig<\/title>\n<meta name=\"robots\" content=\"index, follow, max-snippet:-1, max-image-preview:large, max-video-preview:-1\" \/>\n<link rel=\"canonical\" href=\"https:\/\/www.plaroig.com\/conoce-mas-del-pla-roig\/\" \/>\n<meta property=\"og:locale\" content=\"en_US\" \/>\n<meta property=\"og:type\" content=\"article\" \/>\n<meta property=\"og:title\" content=\"coneix el pla roig | Pla Roig\" \/>\n<meta property=\"og:description\" content=\"coneix el pla roig L&#8217;espai \u00e9s un local de 200 m\u00b2 amb un despatx de 20 m\u00b2 Es troba a pocs metres de la parada de [\u2026]\" \/>\n<meta property=\"og:url\" content=\"https:\/\/www.plaroig.com\/conoce-mas-del-pla-roig\/\" \/>\n<meta property=\"og:site_name\" content=\"Pla Roig\" \/>\n<meta property=\"article:publisher\" content=\"https:\/\/www.facebook.com\/sergioplaroig\/\" \/>\n<meta property=\"article:modified_time\" content=\"2025-09-02T08:10:32+00:00\" \/>\n<meta name=\"twitter:card\" content=\"summary_large_image\" \/>\n<meta name=\"twitter:site\" content=\"@pla_roig\" \/>\n<meta name=\"twitter:label1\" content=\"Est. reading time\" \/>\n\t<meta name=\"twitter:data1\" content=\"1 minute\" \/>\n<script type=\"application\/ld+json\" class=\"yoast-schema-graph\">{\"@context\":\"https:\/\/schema.org\",\"@graph\":[{\"@type\":\"WebPage\",\"@id\":\"https:\/\/www.plaroig.com\/conoce-mas-del-pla-roig\/\",\"url\":\"https:\/\/www.plaroig.com\/conoce-mas-del-pla-roig\/\",\"name\":\"coneix el pla roig | Pla Roig\",\"isPartOf\":{\"@id\":\"https:\/\/www.plaroig.com\/#website\"},\"datePublished\":\"2019-02-13T10:36:06+00:00\",\"dateModified\":\"2025-09-02T08:10:32+00:00\",\"breadcrumb\":{\"@id\":\"https:\/\/www.plaroig.com\/conoce-mas-del-pla-roig\/#breadcrumb\"},\"inLanguage\":\"cat\",\"potentialAction\":[{\"@type\":\"ReadAction\",\"target\":[\"https:\/\/www.plaroig.com\/conoce-mas-del-pla-roig\/\"]}]},{\"@type\":\"BreadcrumbList\",\"@id\":\"https:\/\/www.plaroig.com\/conoce-mas-del-pla-roig\/#breadcrumb\",\"itemListElement\":[{\"@type\":\"ListItem\",\"position\":1,\"name\":\"Home\",\"item\":\"https:\/\/www.plaroig.com\/ca\/\"},{\"@type\":\"ListItem\",\"position\":2,\"name\":\"coneix el pla roig\"}]},{\"@type\":\"WebSite\",\"@id\":\"https:\/\/www.plaroig.com\/#website\",\"url\":\"https:\/\/www.plaroig.com\/\",\"name\":\"Pla Roig\",\"description\":\"un espacio enfocado a la cultura\",\"publisher\":{\"@id\":\"https:\/\/www.plaroig.com\/#organization\"},\"potentialAction\":[{\"@type\":\"SearchAction\",\"target\":{\"@type\":\"EntryPoint\",\"urlTemplate\":\"https:\/\/www.plaroig.com\/?s={search_term_string}\"},\"query-input\":{\"@type\":\"PropertyValueSpecification\",\"valueRequired\":true,\"valueName\":\"search_term_string\"}}],\"inLanguage\":\"cat\"},{\"@type\":\"Organization\",\"@id\":\"https:\/\/www.plaroig.com\/#organization\",\"name\":\"Pla Roig\",\"url\":\"https:\/\/www.plaroig.com\/\",\"logo\":{\"@type\":\"ImageObject\",\"inLanguage\":\"cat\",\"@id\":\"https:\/\/www.plaroig.com\/#\/schema\/logo\/image\/\",\"url\":\"https:\/\/www.plaroig.com\/wp-content\/uploads\/2018\/12\/Sin-ti\u0301tulo-1-02.png\",\"contentUrl\":\"https:\/\/www.plaroig.com\/wp-content\/uploads\/2018\/12\/Sin-ti\u0301tulo-1-02.png\",\"width\":262,\"height\":262,\"caption\":\"Pla Roig\"},\"image\":{\"@id\":\"https:\/\/www.plaroig.com\/#\/schema\/logo\/image\/\"},\"sameAs\":[\"https:\/\/www.facebook.com\/sergioplaroig\/\",\"https:\/\/x.com\/pla_roig\",\"https:\/\/www.instagram.com\/plaroig_art\/\",\"https:\/\/www.youtube.com\/channel\/UC1Jkr1l_q0Lk3iUxaKPwc1Q?view_as=subscriber\"]}]}<\/script>\n<!-- \/ Yoast SEO plugin. -->","yoast_head_json":{"title":"coneix el pla roig | Pla Roig","robots":{"index":"index","follow":"follow","max-snippet":"max-snippet:-1","max-image-preview":"max-image-preview:large","max-video-preview":"max-video-preview:-1"},"canonical":"https:\/\/www.plaroig.com\/conoce-mas-del-pla-roig\/","og_locale":"en_US","og_type":"article","og_title":"coneix el pla roig | Pla Roig","og_description":"coneix el pla roig L&#8217;espai \u00e9s un local de 200 m\u00b2 amb un despatx de 20 m\u00b2 Es troba a pocs metres de la parada de [\u2026]","og_url":"https:\/\/www.plaroig.com\/conoce-mas-del-pla-roig\/","og_site_name":"Pla Roig","article_publisher":"https:\/\/www.facebook.com\/sergioplaroig\/","article_modified_time":"2025-09-02T08:10:32+00:00","twitter_card":"summary_large_image","twitter_site":"@pla_roig","twitter_misc":{"Est. reading time":"1 minute"},"schema":{"@context":"https:\/\/schema.org","@graph":[{"@type":"WebPage","@id":"https:\/\/www.plaroig.com\/conoce-mas-del-pla-roig\/","url":"https:\/\/www.plaroig.com\/conoce-mas-del-pla-roig\/","name":"coneix el pla roig | Pla Roig","isPartOf":{"@id":"https:\/\/www.plaroig.com\/#website"},"datePublished":"2019-02-13T10:36:06+00:00","dateModified":"2025-09-02T08:10:32+00:00","breadcrumb":{"@id":"https:\/\/www.plaroig.com\/conoce-mas-del-pla-roig\/#breadcrumb"},"inLanguage":"cat","potentialAction":[{"@type":"ReadAction","target":["https:\/\/www.plaroig.com\/conoce-mas-del-pla-roig\/"]}]},{"@type":"BreadcrumbList","@id":"https:\/\/www.plaroig.com\/conoce-mas-del-pla-roig\/#breadcrumb","itemListElement":[{"@type":"ListItem","position":1,"name":"Home","item":"https:\/\/www.plaroig.com\/ca\/"},{"@type":"ListItem","position":2,"name":"coneix el pla roig"}]},{"@type":"WebSite","@id":"https:\/\/www.plaroig.com\/#website","url":"https:\/\/www.plaroig.com\/","name":"Pla Roig","description":"un espacio enfocado a la cultura","publisher":{"@id":"https:\/\/www.plaroig.com\/#organization"},"potentialAction":[{"@type":"SearchAction","target":{"@type":"EntryPoint","urlTemplate":"https:\/\/www.plaroig.com\/?s={search_term_string}"},"query-input":{"@type":"PropertyValueSpecification","valueRequired":true,"valueName":"search_term_string"}}],"inLanguage":"cat"},{"@type":"Organization","@id":"https:\/\/www.plaroig.com\/#organization","name":"Pla Roig","url":"https:\/\/www.plaroig.com\/","logo":{"@type":"ImageObject","inLanguage":"cat","@id":"https:\/\/www.plaroig.com\/#\/schema\/logo\/image\/","url":"https:\/\/www.plaroig.com\/wp-content\/uploads\/2018\/12\/Sin-ti\u0301tulo-1-02.png","contentUrl":"https:\/\/www.plaroig.com\/wp-content\/uploads\/2018\/12\/Sin-ti\u0301tulo-1-02.png","width":262,"height":262,"caption":"Pla Roig"},"image":{"@id":"https:\/\/www.plaroig.com\/#\/schema\/logo\/image\/"},"sameAs":["https:\/\/www.facebook.com\/sergioplaroig\/","https:\/\/x.com\/pla_roig","https:\/\/www.instagram.com\/plaroig_art\/","https:\/\/www.youtube.com\/channel\/UC1Jkr1l_q0Lk3iUxaKPwc1Q?view_as=subscriber"]}]}},"_links":{"self":[{"href":"https:\/\/www.plaroig.com\/ca\/wp-json\/wp\/v2\/pages\/3167","targetHints":{"allow":["GET"]}}],"collection":[{"href":"https:\/\/www.plaroig.com\/ca\/wp-json\/wp\/v2\/pages"}],"about":[{"href":"https:\/\/www.plaroig.com\/ca\/wp-json\/wp\/v2\/types\/page"}],"author":[{"embeddable":true,"href":"https:\/\/www.plaroig.com\/ca\/wp-json\/wp\/v2\/users\/1"}],"replies":[{"embeddable":true,"href":"https:\/\/www.plaroig.com\/ca\/wp-json\/wp\/v2\/comments?post=3167"}],"version-history":[{"count":3,"href":"https:\/\/www.plaroig.com\/ca\/wp-json\/wp\/v2\/pages\/3167\/revisions"}],"predecessor-version":[{"id":3169,"href":"https:\/\/www.plaroig.com\/ca\/wp-json\/wp\/v2\/pages\/3167\/revisions\/3169"}],"wp:attachment":[{"href":"https:\/\/www.plaroig.com\/ca\/wp-json\/wp\/v2\/media?parent=3167"}],"curies":[{"name":"wp","href":"https:\/\/api.w.org\/{rel}","templated":true}]}}