{"id":3084,"date":"2018-10-16T14:24:17","date_gmt":"2018-10-16T14:24:17","guid":{"rendered":"http:\/\/plaroig.com\/el-pla-roig\/"},"modified":"2024-08-23T14:29:46","modified_gmt":"2024-08-23T12:29:46","slug":"el-pla-roig","status":"publish","type":"page","link":"https:\/\/www.plaroig.com\/ca\/el-pla-roig\/","title":{"rendered":"el pla roig"},"content":{"rendered":"","protected":false},"excerpt":{"rendered":"<p>Un espacio enfocado a la acci\u00f3n art\u00edstica, pla roig se construye como un lugar de pr\u00e1ctica sobre la investigaci\u00f3n, mediante la creaci\u00f3n de conexiones entre: artistas, p\u00fablico, empresas y profesionales interesados en el desarrollo cultural del arte.<\/p>\n","protected":false},"author":1,"featured_media":0,"parent":0,"menu_order":0,"comment_status":"closed","ping_status":"closed","template":"","meta":{"footnotes":""},"class_list":["post-3084","page","type-page","status-publish","hentry"],"yoast_head":"<!-- This site is optimized with the Yoast SEO plugin v26.5 - https:\/\/yoast.com\/wordpress\/plugins\/seo\/ -->\n<title>el pla roig | Pla Roig<\/title>\n<meta name=\"description\" content=\"Un espai enfocat a l\u2019acci\u00f3 art\u00edstica. El pla roig es construeix com un lloc de pr\u00e0ctica sobre la investigaci\u00f3 mitjan\u00e7ant la creaci\u00f3 de connexions entre: artistes, p\u00fablic, empreses i professionals interessats en el desenvolupament cultural de l\u2019art.\" \/>\n<meta name=\"robots\" content=\"index, follow, max-snippet:-1, max-image-preview:large, max-video-preview:-1\" \/>\n<link rel=\"canonical\" href=\"https:\/\/www.plaroig.com\/el-pla-roig\/\" \/>\n<meta property=\"og:locale\" content=\"en_US\" \/>\n<meta property=\"og:type\" content=\"article\" \/>\n<meta property=\"og:title\" content=\"el pla roig | Pla Roig\" \/>\n<meta property=\"og:description\" content=\"Un espai enfocat a l\u2019acci\u00f3 art\u00edstica. El pla roig es construeix com un lloc de pr\u00e0ctica sobre la investigaci\u00f3 mitjan\u00e7ant la creaci\u00f3 de connexions entre: artistes, p\u00fablic, empreses i professionals interessats en el desenvolupament cultural de l\u2019art.\" \/>\n<meta property=\"og:url\" content=\"https:\/\/www.plaroig.com\/el-pla-roig\/\" \/>\n<meta property=\"og:site_name\" content=\"Pla Roig\" \/>\n<meta property=\"article:publisher\" content=\"https:\/\/www.facebook.com\/sergioplaroig\/\" \/>\n<meta property=\"article:modified_time\" content=\"2024-08-23T12:29:46+00:00\" \/>\n<meta name=\"twitter:card\" content=\"summary_large_image\" \/>\n<meta name=\"twitter:site\" content=\"@pla_roig\" \/>\n<script type=\"application\/ld+json\" class=\"yoast-schema-graph\">{\"@context\":\"https:\/\/schema.org\",\"@graph\":[{\"@type\":\"WebPage\",\"@id\":\"https:\/\/www.plaroig.com\/el-pla-roig\/\",\"url\":\"https:\/\/www.plaroig.com\/el-pla-roig\/\",\"name\":\"el pla roig | Pla Roig\",\"isPartOf\":{\"@id\":\"https:\/\/www.plaroig.com\/#website\"},\"datePublished\":\"2018-10-16T14:24:17+00:00\",\"dateModified\":\"2024-08-23T12:29:46+00:00\",\"description\":\"Un espai enfocat a l\u2019acci\u00f3 art\u00edstica. El pla roig es construeix com un lloc de pr\u00e0ctica sobre la investigaci\u00f3 mitjan\u00e7ant la creaci\u00f3 de connexions entre: artistes, p\u00fablic, empreses i professionals interessats en el desenvolupament cultural de l\u2019art.\",\"breadcrumb\":{\"@id\":\"https:\/\/www.plaroig.com\/el-pla-roig\/#breadcrumb\"},\"inLanguage\":\"cat\",\"potentialAction\":[{\"@type\":\"ReadAction\",\"target\":[\"https:\/\/www.plaroig.com\/el-pla-roig\/\"]}]},{\"@type\":\"BreadcrumbList\",\"@id\":\"https:\/\/www.plaroig.com\/el-pla-roig\/#breadcrumb\",\"itemListElement\":[{\"@type\":\"ListItem\",\"position\":1,\"name\":\"Home\",\"item\":\"https:\/\/www.plaroig.com\/ca\/\"},{\"@type\":\"ListItem\",\"position\":2,\"name\":\"el pla roig\"}]},{\"@type\":\"WebSite\",\"@id\":\"https:\/\/www.plaroig.com\/#website\",\"url\":\"https:\/\/www.plaroig.com\/\",\"name\":\"Pla Roig\",\"description\":\"un espacio enfocado a la cultura\",\"publisher\":{\"@id\":\"https:\/\/www.plaroig.com\/#organization\"},\"potentialAction\":[{\"@type\":\"SearchAction\",\"target\":{\"@type\":\"EntryPoint\",\"urlTemplate\":\"https:\/\/www.plaroig.com\/?s={search_term_string}\"},\"query-input\":{\"@type\":\"PropertyValueSpecification\",\"valueRequired\":true,\"valueName\":\"search_term_string\"}}],\"inLanguage\":\"cat\"},{\"@type\":\"Organization\",\"@id\":\"https:\/\/www.plaroig.com\/#organization\",\"name\":\"Pla Roig\",\"url\":\"https:\/\/www.plaroig.com\/\",\"logo\":{\"@type\":\"ImageObject\",\"inLanguage\":\"cat\",\"@id\":\"https:\/\/www.plaroig.com\/#\/schema\/logo\/image\/\",\"url\":\"https:\/\/www.plaroig.com\/wp-content\/uploads\/2018\/12\/Sin-ti\u0301tulo-1-02.png\",\"contentUrl\":\"https:\/\/www.plaroig.com\/wp-content\/uploads\/2018\/12\/Sin-ti\u0301tulo-1-02.png\",\"width\":262,\"height\":262,\"caption\":\"Pla Roig\"},\"image\":{\"@id\":\"https:\/\/www.plaroig.com\/#\/schema\/logo\/image\/\"},\"sameAs\":[\"https:\/\/www.facebook.com\/sergioplaroig\/\",\"https:\/\/x.com\/pla_roig\",\"https:\/\/www.instagram.com\/plaroig_art\/\",\"https:\/\/www.youtube.com\/channel\/UC1Jkr1l_q0Lk3iUxaKPwc1Q?view_as=subscriber\"]}]}<\/script>\n<!-- \/ Yoast SEO plugin. -->","yoast_head_json":{"title":"el pla roig | Pla Roig","description":"Un espai enfocat a l\u2019acci\u00f3 art\u00edstica. El pla roig es construeix com un lloc de pr\u00e0ctica sobre la investigaci\u00f3 mitjan\u00e7ant la creaci\u00f3 de connexions entre: artistes, p\u00fablic, empreses i professionals interessats en el desenvolupament cultural de l\u2019art.","robots":{"index":"index","follow":"follow","max-snippet":"max-snippet:-1","max-image-preview":"max-image-preview:large","max-video-preview":"max-video-preview:-1"},"canonical":"https:\/\/www.plaroig.com\/el-pla-roig\/","og_locale":"en_US","og_type":"article","og_title":"el pla roig | Pla Roig","og_description":"Un espai enfocat a l\u2019acci\u00f3 art\u00edstica. El pla roig es construeix com un lloc de pr\u00e0ctica sobre la investigaci\u00f3 mitjan\u00e7ant la creaci\u00f3 de connexions entre: artistes, p\u00fablic, empreses i professionals interessats en el desenvolupament cultural de l\u2019art.","og_url":"https:\/\/www.plaroig.com\/el-pla-roig\/","og_site_name":"Pla Roig","article_publisher":"https:\/\/www.facebook.com\/sergioplaroig\/","article_modified_time":"2024-08-23T12:29:46+00:00","twitter_card":"summary_large_image","twitter_site":"@pla_roig","schema":{"@context":"https:\/\/schema.org","@graph":[{"@type":"WebPage","@id":"https:\/\/www.plaroig.com\/el-pla-roig\/","url":"https:\/\/www.plaroig.com\/el-pla-roig\/","name":"el pla roig | Pla Roig","isPartOf":{"@id":"https:\/\/www.plaroig.com\/#website"},"datePublished":"2018-10-16T14:24:17+00:00","dateModified":"2024-08-23T12:29:46+00:00","description":"Un espai enfocat a l\u2019acci\u00f3 art\u00edstica. El pla roig es construeix com un lloc de pr\u00e0ctica sobre la investigaci\u00f3 mitjan\u00e7ant la creaci\u00f3 de connexions entre: artistes, p\u00fablic, empreses i professionals interessats en el desenvolupament cultural de l\u2019art.","breadcrumb":{"@id":"https:\/\/www.plaroig.com\/el-pla-roig\/#breadcrumb"},"inLanguage":"cat","potentialAction":[{"@type":"ReadAction","target":["https:\/\/www.plaroig.com\/el-pla-roig\/"]}]},{"@type":"BreadcrumbList","@id":"https:\/\/www.plaroig.com\/el-pla-roig\/#breadcrumb","itemListElement":[{"@type":"ListItem","position":1,"name":"Home","item":"https:\/\/www.plaroig.com\/ca\/"},{"@type":"ListItem","position":2,"name":"el pla roig"}]},{"@type":"WebSite","@id":"https:\/\/www.plaroig.com\/#website","url":"https:\/\/www.plaroig.com\/","name":"Pla Roig","description":"un espacio enfocado a la cultura","publisher":{"@id":"https:\/\/www.plaroig.com\/#organization"},"potentialAction":[{"@type":"SearchAction","target":{"@type":"EntryPoint","urlTemplate":"https:\/\/www.plaroig.com\/?s={search_term_string}"},"query-input":{"@type":"PropertyValueSpecification","valueRequired":true,"valueName":"search_term_string"}}],"inLanguage":"cat"},{"@type":"Organization","@id":"https:\/\/www.plaroig.com\/#organization","name":"Pla Roig","url":"https:\/\/www.plaroig.com\/","logo":{"@type":"ImageObject","inLanguage":"cat","@id":"https:\/\/www.plaroig.com\/#\/schema\/logo\/image\/","url":"https:\/\/www.plaroig.com\/wp-content\/uploads\/2018\/12\/Sin-ti\u0301tulo-1-02.png","contentUrl":"https:\/\/www.plaroig.com\/wp-content\/uploads\/2018\/12\/Sin-ti\u0301tulo-1-02.png","width":262,"height":262,"caption":"Pla Roig"},"image":{"@id":"https:\/\/www.plaroig.com\/#\/schema\/logo\/image\/"},"sameAs":["https:\/\/www.facebook.com\/sergioplaroig\/","https:\/\/x.com\/pla_roig","https:\/\/www.instagram.com\/plaroig_art\/","https:\/\/www.youtube.com\/channel\/UC1Jkr1l_q0Lk3iUxaKPwc1Q?view_as=subscriber"]}]}},"_links":{"self":[{"href":"https:\/\/www.plaroig.com\/ca\/wp-json\/wp\/v2\/pages\/3084","targetHints":{"allow":["GET"]}}],"collection":[{"href":"https:\/\/www.plaroig.com\/ca\/wp-json\/wp\/v2\/pages"}],"about":[{"href":"https:\/\/www.plaroig.com\/ca\/wp-json\/wp\/v2\/types\/page"}],"author":[{"embeddable":true,"href":"https:\/\/www.plaroig.com\/ca\/wp-json\/wp\/v2\/users\/1"}],"replies":[{"embeddable":true,"href":"https:\/\/www.plaroig.com\/ca\/wp-json\/wp\/v2\/comments?post=3084"}],"version-history":[{"count":6,"href":"https:\/\/www.plaroig.com\/ca\/wp-json\/wp\/v2\/pages\/3084\/revisions"}],"predecessor-version":[{"id":3092,"href":"https:\/\/www.plaroig.com\/ca\/wp-json\/wp\/v2\/pages\/3084\/revisions\/3092"}],"wp:attachment":[{"href":"https:\/\/www.plaroig.com\/ca\/wp-json\/wp\/v2\/media?parent=3084"}],"curies":[{"name":"wp","href":"https:\/\/api.w.org\/{rel}","templated":true}]}}